{"id":286,"date":"2025-04-02T21:42:53","date_gmt":"2025-04-02T19:42:53","guid":{"rendered":"https:\/\/observatoriocosta.com\/oportunitats-ca\/"},"modified":"2026-04-15T12:53:14","modified_gmt":"2026-04-15T10:53:14","slug":"oportunitats-2","status":"publish","type":"page","link":"https:\/\/observatoriocosta.com\/ca\/oportunitats-2\/","title":{"rendered":"Oportunitats"},"content":{"rendered":"<div id=\"cs-content\" class=\"cs-content\"><\/div>\n","protected":false},"excerpt":{"rendered":"<p>open call \/\/ CONSULTAR BASESJornades: El paper dels arxius en la creaci\u00f3 contempor\u00e0nia La&nbsp;Fundaci\u00f3 Casa Planas&nbsp;obre una convocat\u00f2ria per a participar en la&nbsp;Mesa d&#8217;Experi\u00e8ncies de les jornades El paper dels arxius en la creaci\u00f3 contempor\u00e0nia, un programa desenvolupat al costat del Festival Panor\u00e0mic que des de 2023&nbsp;impulsa espais de reflexi\u00f3, intercanvi i presentaci\u00f3 de projectes vinculats a l&#8217;\u00fas art\u00edstic dels&hellip;<\/p>\n","protected":false},"author":2,"featured_media":0,"parent":0,"menu_order":0,"comment_status":"closed","ping_status":"closed","template":"","meta":{"footnotes":""},"class_list":["post-286","page","type-page","status-publish","hentry","no-post-thumbnail"],"_links":{"self":[{"href":"https:\/\/observatoriocosta.com\/ca\/wp-json\/wp\/v2\/pages\/286","targetHints":{"allow":["GET"]}}],"collection":[{"href":"https:\/\/observatoriocosta.com\/ca\/wp-json\/wp\/v2\/pages"}],"about":[{"href":"https:\/\/observatoriocosta.com\/ca\/wp-json\/wp\/v2\/types\/page"}],"author":[{"embeddable":true,"href":"https:\/\/observatoriocosta.com\/ca\/wp-json\/wp\/v2\/users\/2"}],"replies":[{"embeddable":true,"href":"https:\/\/observatoriocosta.com\/ca\/wp-json\/wp\/v2\/comments?post=286"}],"version-history":[{"count":5,"href":"https:\/\/observatoriocosta.com\/ca\/wp-json\/wp\/v2\/pages\/286\/revisions"}],"predecessor-version":[{"id":319,"href":"https:\/\/observatoriocosta.com\/ca\/wp-json\/wp\/v2\/pages\/286\/revisions\/319"}],"wp:attachment":[{"href":"https:\/\/observatoriocosta.com\/ca\/wp-json\/wp\/v2\/media?parent=286"}],"curies":[{"name":"wp","href":"https:\/\/api.w.org\/{rel}","templated":true}]}}