{"id":313,"date":"2025-04-02T21:41:34","date_gmt":"2025-04-02T19:41:34","guid":{"rendered":"https:\/\/observatoriocosta.com\/nosaltres\/"},"modified":"2026-04-15T12:16:44","modified_gmt":"2026-04-15T10:16:44","slug":"nosaltres","status":"publish","type":"page","link":"https:\/\/observatoriocosta.com\/ca\/nosaltres\/","title":{"rendered":"Nosaltres"},"content":{"rendered":"<div id=\"cs-content\" class=\"cs-content\"><\/div>\n","protected":false},"excerpt":{"rendered":"<p>OBSERVATORI DE CULTURA TUR\u00cdSTICA \/\/ COSTA L&#8217;Observatori \u00e9s un estudi propi de Casa Planas de recerca col\u00b7lectiva sobre el turisme i la imatge contempor\u00e0nia.La recerca acull des de diferents disciplines, sectors i perspectives un estudi profund sobre el fenomen tur\u00edstic des d&#8217;una visi\u00f3 ecologista, cient\u00edfica i art\u00edstica.La recerca part del projecte&nbsp;Uncovering&nbsp;Archive&nbsp;i compta amb una s\u00e8rie de professionals que conformen l&#8217;equip&hellip;<\/p>\n","protected":false},"author":2,"featured_media":0,"parent":0,"menu_order":0,"comment_status":"closed","ping_status":"closed","template":"","meta":{"footnotes":""},"class_list":["post-313","page","type-page","status-publish","hentry","no-post-thumbnail"],"_links":{"self":[{"href":"https:\/\/observatoriocosta.com\/ca\/wp-json\/wp\/v2\/pages\/313","targetHints":{"allow":["GET"]}}],"collection":[{"href":"https:\/\/observatoriocosta.com\/ca\/wp-json\/wp\/v2\/pages"}],"about":[{"href":"https:\/\/observatoriocosta.com\/ca\/wp-json\/wp\/v2\/types\/page"}],"author":[{"embeddable":true,"href":"https:\/\/observatoriocosta.com\/ca\/wp-json\/wp\/v2\/users\/2"}],"replies":[{"embeddable":true,"href":"https:\/\/observatoriocosta.com\/ca\/wp-json\/wp\/v2\/comments?post=313"}],"version-history":[{"count":4,"href":"https:\/\/observatoriocosta.com\/ca\/wp-json\/wp\/v2\/pages\/313\/revisions"}],"predecessor-version":[{"id":358,"href":"https:\/\/observatoriocosta.com\/ca\/wp-json\/wp\/v2\/pages\/313\/revisions\/358"}],"wp:attachment":[{"href":"https:\/\/observatoriocosta.com\/ca\/wp-json\/wp\/v2\/media?parent=313"}],"curies":[{"name":"wp","href":"https:\/\/api.w.org\/{rel}","templated":true}]}}