{"id":364,"date":"2025-04-03T07:44:15","date_gmt":"2025-04-03T05:44:15","guid":{"rendered":"https:\/\/observatoriocosta.com\/politiques-de-cookies\/"},"modified":"2026-04-16T08:37:59","modified_gmt":"2026-04-16T06:37:59","slug":"politiques-de-cookies","status":"publish","type":"page","link":"https:\/\/observatoriocosta.com\/ca\/politiques-de-cookies\/","title":{"rendered":"Politiques de Cookies"},"content":{"rendered":"<div id=\"cs-content\" class=\"cs-content\"><\/div>\n","protected":false},"excerpt":{"rendered":"<p>Politiques de Cookies PER A QU\u00c8 UTILITZEM COOKIES I TRACTEM DADES DE NAVEGACI\u00d3? En aquesta Web utilitzem cookies.En cas d&#8217;utilitzar la nostra web sense procedir a la desactivaci\u00f3 de les cookies, manifesta el seu consentiment per a la instal\u00b7laci\u00f3 d&#8217;aquestes.Qu\u00e8 \u00e9s una cookie?Una cookie \u00e9s un fitxer que les webs transfereixen als equips que es connecten a elles. Si b\u00e9&hellip;<\/p>\n","protected":false},"author":2,"featured_media":0,"parent":0,"menu_order":0,"comment_status":"closed","ping_status":"closed","template":"","meta":{"footnotes":""},"class_list":["post-364","page","type-page","status-publish","hentry","no-post-thumbnail"],"_links":{"self":[{"href":"https:\/\/observatoriocosta.com\/ca\/wp-json\/wp\/v2\/pages\/364","targetHints":{"allow":["GET"]}}],"collection":[{"href":"https:\/\/observatoriocosta.com\/ca\/wp-json\/wp\/v2\/pages"}],"about":[{"href":"https:\/\/observatoriocosta.com\/ca\/wp-json\/wp\/v2\/types\/page"}],"author":[{"embeddable":true,"href":"https:\/\/observatoriocosta.com\/ca\/wp-json\/wp\/v2\/users\/2"}],"replies":[{"embeddable":true,"href":"https:\/\/observatoriocosta.com\/ca\/wp-json\/wp\/v2\/comments?post=364"}],"version-history":[{"count":1,"href":"https:\/\/observatoriocosta.com\/ca\/wp-json\/wp\/v2\/pages\/364\/revisions"}],"predecessor-version":[{"id":365,"href":"https:\/\/observatoriocosta.com\/ca\/wp-json\/wp\/v2\/pages\/364\/revisions\/365"}],"wp:attachment":[{"href":"https:\/\/observatoriocosta.com\/ca\/wp-json\/wp\/v2\/media?parent=364"}],"curies":[{"name":"wp","href":"https:\/\/api.w.org\/{rel}","templated":true}]}}